{"id":16450,"date":"2024-10-04T14:18:03","date_gmt":"2024-10-04T12:18:03","guid":{"rendered":"https:\/\/inspiraxlproductions.com\/avis-legal\/"},"modified":"2024-10-14T11:46:35","modified_gmt":"2024-10-14T09:46:35","slug":"aviso-legal","status":"publish","type":"page","link":"https:\/\/inspiraxlproductions.com\/es\/aviso-legal\/","title":{"rendered":"Aviso legal"},"content":{"rendered":"\t\t<div data-elementor-type=\"wp-page\" data-elementor-id=\"16450\" class=\"elementor elementor-16450\">\n\t\t\t\t<div class=\"elementor-element elementor-element-36215d1 e-flex e-con-boxed e-con e-parent\" data-id=\"36215d1\" data-element_type=\"container\" data-settings=\"{&quot;wcf_enable_cursor_hover_effect_text&quot;:&quot;View&quot;,&quot;wcf-animation&quot;:&quot;none&quot;,&quot;wcf_pin_breakpoint&quot;:&quot;mobile&quot;}\">\n\t\t\t\t\t<div class=\"e-con-inner\">\n\t\t\t\t\t<\/div>\n\t\t\t\t<\/div>\n\t\t<div class=\"elementor-element elementor-element-0d9b4f1 e-flex e-con-boxed e-con e-parent\" data-id=\"0d9b4f1\" data-element_type=\"container\" data-settings=\"{&quot;wcf_enable_cursor_hover_effect_text&quot;:&quot;View&quot;,&quot;wcf-animation&quot;:&quot;none&quot;,&quot;wcf_pin_breakpoint&quot;:&quot;mobile&quot;}\">\n\t\t\t\t\t<div class=\"e-con-inner\">\n\t\t\t\t<div class=\"elementor-element elementor-element-e5ac06b wcf-t-animation-none elementor-widget elementor-widget-heading\" data-id=\"e5ac06b\" data-element_type=\"widget\" data-settings=\"{&quot;wcf_text_animation&quot;:&quot;none&quot;,&quot;wcf-animation&quot;:&quot;none&quot;}\" data-widget_type=\"heading.default\">\n\t\t\t\t<div class=\"elementor-widget-container\">\n\t\t\t<h4 class=\"elementor-heading-title elementor-size-default\">Aviso legal<\/h4>\t\t<\/div>\n\t\t\t\t<\/div>\n\t\t\t\t<div class=\"elementor-element elementor-element-65713ea wcf-t-animation-none elementor-widget elementor-widget-text-editor\" data-id=\"65713ea\" data-element_type=\"widget\" data-settings=\"{&quot;wcf_text_animation&quot;:&quot;none&quot;,&quot;wcf-animation&quot;:&quot;none&quot;}\" data-widget_type=\"text-editor.default\">\n\t\t\t\t<div class=\"elementor-widget-container\">\n\t\t\t\t\t\t\t<p>En cumplimiento del deber de informaci\u00f3n dispuesto en el art\u00edculo 10 de la Ley 34\/2002, de 11 de julio, de servicios de la sociedad de la informaci\u00f3n y de comercio electr\u00f3nico, le informamos que el sitio web (el \u00abSitio Web \u00bb) es titularidad de Inspira XL Production, S.L., sociedad de nacionalidad espa\u00f1ola, con domicilio social en Barcelona, Calle Baltasar de Espa\u00f1a, con N.I.F. B-70.660.428 (\u201cInspira XL Production\u201d).<\/p>\n<p>Los datos de contacto de Inspira XL Production en relaci\u00f3n al Sitio Web son:<\/p>\n<p>Correo electr\u00f3nico: inspiraxl.correu@gmail.com<br>\nDirecci\u00f3n postal: Barcelona, Sant Joan Desp\u00ed, Calle Baltasar de Espa\u00f1a.<\/p>\n<p>Inspira XL Production no puede asumir responsabilidad alguna derivada del uso incorrecto, inapropiado o il\u00edcito de la informaci\u00f3n aparecida en el Sitio Web.<\/p>\n<p>Asimismo, con los l\u00edmites establecidos en la ley, Inspira XL Production no asume responsabilidad alguna derivada de la falta de veracidad, integridad, actualizaci\u00f3n y precisi\u00f3n de los datos o informaciones que se contienen en el Sitio Web.<\/p>\n<p>El Sitio Web puede contener enlaces (links) a otras p\u00e1ginas de terceros que Inspira XL Production no puede controlar. Por tanto, Inspira XL Production no puede asumir responsabilidades por el contenido que pueda aparecer relativo a p\u00e1ginas de terceros.<\/p>\n<p>Los contenidos y la informaci\u00f3n no vinculan a Inspira XL Production ni constituyen opiniones, consejos o asesoramiento legal de ning\u00fan tipo, ya que se trata meramente de un servicio ofrecido con car\u00e1cter informativo y divulgativo.<\/p>\n<p>El visitante asume su propia responsabilidad derivada del uso de este Sitio Web o de la informaci\u00f3n contenida en el mismo.<\/p>\n<p>Los textos, im\u00e1genes, sonidos, animaciones, software y el resto de contenidos incluidos en el Sitio Web son propiedad exclusiva de Inspira XL Production o de sus licenciadores. Cualquier acto de transmisi\u00f3n, distribuci\u00f3n, cesi\u00f3n, reproducci\u00f3n, almacenamiento o comunicaci\u00f3n p\u00fablica total o parcial, debe contar con el consentimiento expreso de Inspira XL Production S.L.<\/p>\n<p>Asimismo, para acceder a algunos de los servicios que Inspira XL Production ofrece a trav\u00e9s del Sitio Web, podr\u00eda ser necesario proporcionar algunos datos de car\u00e1cter personal. En cumplimiento de lo que establece el Reglamento (UE) 2016\/679 del Parlamento Europeo y del Consejo, de 27 de abril de 2016, relativo a la protecci\u00f3n de las personas f\u00edsicas en lo que respecta al tratamiento de datos personales ya la libre circulaci\u00f3n de estos datos, le informamos que, mediante la cumplimentaci\u00f3n de los presentes formularios, sus datos personales quedar\u00e1n incorporados y ser\u00e1n tratados en los ficheros de Inspira XL Production con el fin de poderle prestar y ofrecer nuestros servicios as\u00ed como para informarle lo de las mejoras del Sitio Web.<\/p>\n<p>Asimismo, le informamos de la posibilidad de ejercer los derechos de acceso, rectificaci\u00f3n, cancelaci\u00f3n y oposici\u00f3n de sus datos de car\u00e1cter personal, de forma gratuita mediante correo electr\u00f3nico a inspiraxl.correu@gmail.com o al direcci\u00f3n postal en Barcelona, Sant Joan Desp\u00ed, Calle Baltasar de Espa\u00f1a.<\/p>\t\t\t\t\t\t<\/div>\n\t\t\t\t<\/div>\n\t\t\t\t\t<\/div>\n\t\t\t\t<\/div>\n\t\t\t\t<\/div>\n\t\t","protected":false},"excerpt":{"rendered":"<p>Aviso legal En cumplimiento del deber de informaci\u00f3n dispuesto en el art\u00edculo 10 de la Ley 34\/2002, de 11 de julio, de servicios de la sociedad de la informaci\u00f3n y de comercio electr\u00f3nico, le informamos que el sitio web (el \u00abSitio Web \u00bb) es titularidad de Inspira XL Production, S.L., sociedad de nacionalidad espa\u00f1ola, con [&hellip;]<\/p>\n","protected":false},"author":1,"featured_media":0,"parent":0,"menu_order":0,"comment_status":"closed","ping_status":"closed","template":"elementor_header_footer","meta":{"_acf_changed":false,"footnotes":""},"class_list":["post-16450","page","type-page","status-publish","hentry"],"acf":[],"yoast_head":"<!-- This site is optimized with the Yoast SEO plugin v23.6 - https:\/\/yoast.com\/wordpress\/plugins\/seo\/ -->\n<title>Aviso legal - INSPIRAXL Productions<\/title>\n<meta name=\"robots\" content=\"index, follow, max-snippet:-1, max-image-preview:large, max-video-preview:-1\" \/>\n<link rel=\"canonical\" href=\"https:\/\/inspiraxlproductions.com\/es\/aviso-legal\/\" \/>\n<meta property=\"og:locale\" content=\"es_ES\" \/>\n<meta property=\"og:type\" content=\"article\" \/>\n<meta property=\"og:title\" content=\"Aviso legal - INSPIRAXL Productions\" \/>\n<meta property=\"og:description\" content=\"Aviso legal En cumplimiento del deber de informaci\u00f3n dispuesto en el art\u00edculo 10 de la Ley 34\/2002, de 11 de julio, de servicios de la sociedad de la informaci\u00f3n y de comercio electr\u00f3nico, le informamos que el sitio web (el \u00abSitio Web \u00bb) es titularidad de Inspira XL Production, S.L., sociedad de nacionalidad espa\u00f1ola, con [&hellip;]\" \/>\n<meta property=\"og:url\" content=\"https:\/\/inspiraxlproductions.com\/es\/aviso-legal\/\" \/>\n<meta property=\"og:site_name\" content=\"INSPIRAXL Productions\" \/>\n<meta property=\"article:modified_time\" content=\"2024-10-14T09:46:35+00:00\" \/>\n<meta property=\"og:image\" content=\"https:\/\/inspiraxlproductions.com\/wp-content\/uploads\/2023\/12\/Positivo_V1.png\" \/>\n\t<meta property=\"og:image:width\" content=\"421\" \/>\n\t<meta property=\"og:image:height\" content=\"211\" \/>\n\t<meta property=\"og:image:type\" content=\"image\/png\" \/>\n<meta name=\"twitter:card\" content=\"summary_large_image\" \/>\n<meta name=\"twitter:label1\" content=\"Tiempo de lectura\" \/>\n\t<meta name=\"twitter:data1\" content=\"3 minutos\" \/>\n<script type=\"application\/ld+json\" class=\"yoast-schema-graph\">{\"@context\":\"https:\/\/schema.org\",\"@graph\":[{\"@type\":\"WebPage\",\"@id\":\"https:\/\/inspiraxlproductions.com\/es\/aviso-legal\/\",\"url\":\"https:\/\/inspiraxlproductions.com\/es\/aviso-legal\/\",\"name\":\"Aviso legal - INSPIRAXL Productions\",\"isPartOf\":{\"@id\":\"https:\/\/inspiraxlproductions.com\/es\/#website\"},\"datePublished\":\"2024-10-04T12:18:03+00:00\",\"dateModified\":\"2024-10-14T09:46:35+00:00\",\"breadcrumb\":{\"@id\":\"https:\/\/inspiraxlproductions.com\/es\/aviso-legal\/#breadcrumb\"},\"inLanguage\":\"es\",\"potentialAction\":[{\"@type\":\"ReadAction\",\"target\":[\"https:\/\/inspiraxlproductions.com\/es\/aviso-legal\/\"]}]},{\"@type\":\"BreadcrumbList\",\"@id\":\"https:\/\/inspiraxlproductions.com\/es\/aviso-legal\/#breadcrumb\",\"itemListElement\":[{\"@type\":\"ListItem\",\"position\":1,\"name\":\"Inici\",\"item\":\"https:\/\/inspiraxlproductions.com\/es\/\"},{\"@type\":\"ListItem\",\"position\":2,\"name\":\"Aviso legal\"}]},{\"@type\":\"WebSite\",\"@id\":\"https:\/\/inspiraxlproductions.com\/es\/#website\",\"url\":\"https:\/\/inspiraxlproductions.com\/es\/\",\"name\":\"INSPIRAXL Productions\",\"description\":\"Inspira i comunica en gran\",\"publisher\":{\"@id\":\"https:\/\/inspiraxlproductions.com\/es\/#organization\"},\"alternateName\":\"INSPIRAXL Productions\",\"potentialAction\":[{\"@type\":\"SearchAction\",\"target\":{\"@type\":\"EntryPoint\",\"urlTemplate\":\"https:\/\/inspiraxlproductions.com\/es\/?s={search_term_string}\"},\"query-input\":{\"@type\":\"PropertyValueSpecification\",\"valueRequired\":true,\"valueName\":\"search_term_string\"}}],\"inLanguage\":\"es\"},{\"@type\":\"Organization\",\"@id\":\"https:\/\/inspiraxlproductions.com\/es\/#organization\",\"name\":\"INSPIRAXL Productions\",\"alternateName\":\"INSPIRAXL Productions\",\"url\":\"https:\/\/inspiraxlproductions.com\/es\/\",\"logo\":{\"@type\":\"ImageObject\",\"inLanguage\":\"es\",\"@id\":\"https:\/\/inspiraxlproductions.com\/es\/#\/schema\/logo\/image\/\",\"url\":\"https:\/\/inspiraxlproductions.com\/wp-content\/uploads\/2023\/12\/Positivo_V1.png\",\"contentUrl\":\"https:\/\/inspiraxlproductions.com\/wp-content\/uploads\/2023\/12\/Positivo_V1.png\",\"width\":421,\"height\":211,\"caption\":\"INSPIRAXL Productions\"},\"image\":{\"@id\":\"https:\/\/inspiraxlproductions.com\/es\/#\/schema\/logo\/image\/\"}}]}<\/script>\n<!-- \/ Yoast SEO plugin. -->","yoast_head_json":{"title":"Aviso legal - INSPIRAXL Productions","robots":{"index":"index","follow":"follow","max-snippet":"max-snippet:-1","max-image-preview":"max-image-preview:large","max-video-preview":"max-video-preview:-1"},"canonical":"https:\/\/inspiraxlproductions.com\/es\/aviso-legal\/","og_locale":"es_ES","og_type":"article","og_title":"Aviso legal - INSPIRAXL Productions","og_description":"Aviso legal En cumplimiento del deber de informaci\u00f3n dispuesto en el art\u00edculo 10 de la Ley 34\/2002, de 11 de julio, de servicios de la sociedad de la informaci\u00f3n y de comercio electr\u00f3nico, le informamos que el sitio web (el \u00abSitio Web \u00bb) es titularidad de Inspira XL Production, S.L., sociedad de nacionalidad espa\u00f1ola, con [&hellip;]","og_url":"https:\/\/inspiraxlproductions.com\/es\/aviso-legal\/","og_site_name":"INSPIRAXL Productions","article_modified_time":"2024-10-14T09:46:35+00:00","og_image":[{"width":421,"height":211,"url":"https:\/\/inspiraxlproductions.com\/wp-content\/uploads\/2023\/12\/Positivo_V1.png","type":"image\/png"}],"twitter_card":"summary_large_image","twitter_misc":{"Tiempo de lectura":"3 minutos"},"schema":{"@context":"https:\/\/schema.org","@graph":[{"@type":"WebPage","@id":"https:\/\/inspiraxlproductions.com\/es\/aviso-legal\/","url":"https:\/\/inspiraxlproductions.com\/es\/aviso-legal\/","name":"Aviso legal - INSPIRAXL Productions","isPartOf":{"@id":"https:\/\/inspiraxlproductions.com\/es\/#website"},"datePublished":"2024-10-04T12:18:03+00:00","dateModified":"2024-10-14T09:46:35+00:00","breadcrumb":{"@id":"https:\/\/inspiraxlproductions.com\/es\/aviso-legal\/#breadcrumb"},"inLanguage":"es","potentialAction":[{"@type":"ReadAction","target":["https:\/\/inspiraxlproductions.com\/es\/aviso-legal\/"]}]},{"@type":"BreadcrumbList","@id":"https:\/\/inspiraxlproductions.com\/es\/aviso-legal\/#breadcrumb","itemListElement":[{"@type":"ListItem","position":1,"name":"Inici","item":"https:\/\/inspiraxlproductions.com\/es\/"},{"@type":"ListItem","position":2,"name":"Aviso legal"}]},{"@type":"WebSite","@id":"https:\/\/inspiraxlproductions.com\/es\/#website","url":"https:\/\/inspiraxlproductions.com\/es\/","name":"INSPIRAXL Productions","description":"Inspira i comunica en gran","publisher":{"@id":"https:\/\/inspiraxlproductions.com\/es\/#organization"},"alternateName":"INSPIRAXL Productions","potentialAction":[{"@type":"SearchAction","target":{"@type":"EntryPoint","urlTemplate":"https:\/\/inspiraxlproductions.com\/es\/?s={search_term_string}"},"query-input":{"@type":"PropertyValueSpecification","valueRequired":true,"valueName":"search_term_string"}}],"inLanguage":"es"},{"@type":"Organization","@id":"https:\/\/inspiraxlproductions.com\/es\/#organization","name":"INSPIRAXL Productions","alternateName":"INSPIRAXL Productions","url":"https:\/\/inspiraxlproductions.com\/es\/","logo":{"@type":"ImageObject","inLanguage":"es","@id":"https:\/\/inspiraxlproductions.com\/es\/#\/schema\/logo\/image\/","url":"https:\/\/inspiraxlproductions.com\/wp-content\/uploads\/2023\/12\/Positivo_V1.png","contentUrl":"https:\/\/inspiraxlproductions.com\/wp-content\/uploads\/2023\/12\/Positivo_V1.png","width":421,"height":211,"caption":"INSPIRAXL Productions"},"image":{"@id":"https:\/\/inspiraxlproductions.com\/es\/#\/schema\/logo\/image\/"}}]}},"_links":{"self":[{"href":"https:\/\/inspiraxlproductions.com\/es\/wp-json\/wp\/v2\/pages\/16450","targetHints":{"allow":["GET"]}}],"collection":[{"href":"https:\/\/inspiraxlproductions.com\/es\/wp-json\/wp\/v2\/pages"}],"about":[{"href":"https:\/\/inspiraxlproductions.com\/es\/wp-json\/wp\/v2\/types\/page"}],"author":[{"embeddable":true,"href":"https:\/\/inspiraxlproductions.com\/es\/wp-json\/wp\/v2\/users\/1"}],"replies":[{"embeddable":true,"href":"https:\/\/inspiraxlproductions.com\/es\/wp-json\/wp\/v2\/comments?post=16450"}],"version-history":[{"count":10,"href":"https:\/\/inspiraxlproductions.com\/es\/wp-json\/wp\/v2\/pages\/16450\/revisions"}],"predecessor-version":[{"id":16712,"href":"https:\/\/inspiraxlproductions.com\/es\/wp-json\/wp\/v2\/pages\/16450\/revisions\/16712"}],"wp:attachment":[{"href":"https:\/\/inspiraxlproductions.com\/es\/wp-json\/wp\/v2\/media?parent=16450"}],"curies":[{"name":"wp","href":"https:\/\/api.w.org\/{rel}","templated":true}]}}